{"id":456,"date":"2025-11-10T12:13:02","date_gmt":"2025-11-10T12:13:02","guid":{"rendered":"https:\/\/persianas-valladolid.com\/?page_id=456"},"modified":"2025-11-10T12:45:11","modified_gmt":"2025-11-10T12:45:11","slug":"politica-cookies","status":"publish","type":"page","link":"https:\/\/persianas-valladolid.com\/?page_id=456","title":{"rendered":"Pol\u00edtica de cookies"},"content":{"rendered":"<p>Dentro del reglamento LSSI-CE (Ley de la sociedad de la informaci\u00f3n y del comercio electr\u00f3nico), hay un apartado dedicado a las cookies que exige a quienes tenemos una web que descargue en tu navegador cookies de terceros, tenemos la obligaci\u00f3n de informar al usuario sobre el tipo de cookies, la duraci\u00f3n y la finalidad de cada una de ellas. Comprender\u00e1s que no sea nada sencillo, pero tengo la obligaci\u00f3n de internar acercarme lo m\u00e1ximo posible a estas exigencias.<\/p>\n<p>Esta web utiliza cookies propias y de terceros para conseguir que tengas una mejor experiencia de navegaci\u00f3n, puedas compartir contenido en redes sociales y para obtener estad\u00edsticas y h\u00e1bitos de navegaci\u00f3n de usuarios de este blog.<\/p>\n<p>Como usuario, puedes rechazar el tratamiento de los datos o la informaci\u00f3n bloqueando estas cookies mediante la configuraci\u00f3n apropiada de tu navegador. Sin embargo, debes saber que, si lo haces, este sitio no funcione adecuadamente.<\/p>\n<p>Seg\u00fan el art\u00edculo 22.2 de la Ley 34\/2002 de Servicios de la Sociedad de la Informaci\u00f3n y Comercio Electr\u00f3nico, si contin\u00faas navegando, estar\u00e1s prestando tu consentimiento para el empleo de estas cookies.<\/p>\n<p>Como usuario, aceptas expresamente, por la utilizaci\u00f3n de esta web el tratamiento de la informaci\u00f3n recabada en la forma y con los fines que se detallan a continuaci\u00f3n. Asimismo, reconoces conocer la posibilidad de rechazar el tratamiento de tales datos o informaci\u00f3n rechazando el uso de Cookies mediante la selecci\u00f3n de la configuraci\u00f3n apropiada a tal fin en tu navegador. Si bien esta opci\u00f3n de bloqueo de Cookies en su navegador puede no permitirle el uso pleno de todas las funcionalidades de esta web.<\/p>\n<h1>\u00bfQu\u00e9 es una cookie?<\/h1>\n<p>Una cookie es un fichero que se descarga en su ordenador al acceder a determinadas p\u00e1ginas web. Las cookies permiten a una p\u00e1gina web, entre otras cosas, almacenar y recuperar informaci\u00f3n sobre los h\u00e1bitos de navegaci\u00f3n de un usuario o de su equipo y, dependiendo de la informaci\u00f3n que contengan y de la forma en que utilice su equipo, pueden utilizarse para reconocer al usuario.<\/p>\n<p>Teniendo en cuenta la forma en la que funciona Internet y los sitios web, no siempre es posible contar con informaci\u00f3n de las cookies que colocan terceras partes a trav\u00e9s de mi web. Esto se aplica especialmente a casos en los que mi p\u00e1gina web contiene lo que se denominan elementos integrados: textos, documentos, im\u00e1genes o breves pel\u00edculas que se almacenan en otra parte, pero se muestran en nuestro sitio web o a trav\u00e9s del mismo y los derivados de plugin de an\u00e1lisis que utiliza esta web. Por consiguiente, en caso de que te encuentres con este tipo de cookies en este sitio web y no est\u00e9n enumeradas en la lista siguiente, me lo debes comunicar para que revise esa cookie y la a\u00f1ada a esta lista si fuese necesario.<\/p>\n<p>Si no deseas que se almacenen cookies en tu navegador o si deseas recibir una informaci\u00f3n cada vez que una cookie solicite instalarse, puedes configurar tu navegador para que lo haga de esa forma. La mayor parte de los navegadores permiten la gesti\u00f3n de las cookies de 3 formas diferentes:<\/p>\n<ul>\n<li>Las cookies se rechazan siempre.<\/li>\n<li>El navegador pregunta si el usuario desea instalar cada cookie.<\/li>\n<li>Las cookies se aceptan siempre.<\/li>\n<\/ul>\n<p>El navegador tambi\u00e9n puede incluir la posibilidad de especificar mejor qu\u00e9 cookies tienen que ser aceptadas y cu\u00e1les no. En concreto, el usuario puede normalmente aceptar alguna de las siguientes opciones:<\/p>\n<ul>\n<li>Rechazar las cookies de determinados dominios.<\/li>\n<li>Rechazar las cookies de terceros.<\/li>\n<li>Aceptar cookies como no persistentes (se eliminan cuando el navegador se cierra)<\/li>\n<li>Permitir al servidor crear cookies para un dominio diferente.<\/li>\n<\/ul>\n<p>En caso de que te encuentres con cookies en este sitio web y no est\u00e9n enumeradas en la lista siguiente, te ruego que me lo comuniques. Tambi\u00e9n puedes ponerte en contacto directamente con el tercero para pedirle informaci\u00f3n sobre las cookies que coloca, la finalidad y la duraci\u00f3n de la cookie, y c\u00f3mo ha garantizado su privacidad.<\/p>\n<h1>Las cookies que utiliza esta web<\/h1>\n<p>En esta web se utilizan cookies propias y de terceros para conseguir que tengas una mejor experiencia de navegaci\u00f3n, puedas compartir contenido en redes sociales y para obtener estad\u00edsticas de usuarios.<\/p>\n<p>Como usuario, puedes rechazar el tratamiento de los datos o la informaci\u00f3n bloqueando estas cookies mediante la configuraci\u00f3n apropiada de tu navegador. Sin embargo, debes saber que, si lo haces, este sitio no funcione adecuadamente.<\/p>\n<p>Seg\u00fan los t\u00e9rminos incluidos en el art\u00edculo 22.2 de la Ley 34\/2002 de Servicios de la Sociedad de la Informaci\u00f3n y Comercio Electr\u00f3nico, si contin\u00faas navegando, estar\u00e1s prestando tu consentimiento para el empleo de las cookies que detallo a continuaci\u00f3n.<\/p>\n<p>Las cookies de esta web ayudan a:<\/p>\n<ul>\n<li>Hacer que esta web funcione correctamente.<\/li>\n<li>Recordarte tus ajustes durante y entre las visitas.<\/li>\n<li>Permitirte visualizar videos.<\/li>\n<li>Mejorar la velocidad \/ seguridad del sitio.<\/li>\n<li>Que puedas compartir p\u00e1ginas con redes sociales.<\/li>\n<li>Mejorar continuamente este sitio web gracias a las labores de an\u00e1lisis.<\/li>\n<\/ul>\n<p>No utilizar\u00e9 jam\u00e1s cookies para:<\/p>\n<ul>\n<li>Recoger informaci\u00f3n de identificaci\u00f3n personal (sin tu permiso expreso)<\/li>\n<li>Recoger informaci\u00f3n sensible (sin tu permiso expreso)<\/li>\n<li>Compartir datos de identificaci\u00f3n personal a terceros<\/li>\n<li>Cookies de terceros que utilizo y que debes conocer<\/li>\n<\/ul>\n<p>Esta web, como la mayor\u00eda de sitios web y blogs, incluye funcionalidades proporcionadas por terceros.<\/p>\n<p>https:\/\/persianas-valladolid.com\/\u00a0puede utilizar servicios de terceros que recopilaran informaci\u00f3n con fines estad\u00edsticos, de uso de esta web por parte del usuario y para la prestaci\u00f3n de otros servicios relacionados con la actividad de esta web y otros servicios de Internet.<\/p>\n<p>En particular, este sitio Web utiliza Google Analytics, un servicio anal\u00edtico de web prestado por Google, Inc. con domicilio en los Estados Unidos con sede central en 1600 Amphitheatre Parkway, Mountain View, California 94043. Para la prestaci\u00f3n de estos servicios, estos utilizan cookies que recopilan la informaci\u00f3n, incluida la direcci\u00f3n IP del usuario, que ser\u00e1 transmitida, tratada y almacenada por Google en los t\u00e9rminos fijados en la Web Google.com.<\/p>\n<p>Incluyendo la posible transmisi\u00f3n de dicha informaci\u00f3n a terceros por razones de exigencia legal o cuando dichos terceros procesen la informaci\u00f3n por cuenta de Google.<\/p>\n<p>Entre las cookies de terceros m\u00e1s estables est\u00e1n:<\/p>\n<ul>\n<li><strong>Cookies T\u00e9cnicas:<\/strong> Son aqu\u00e9llas que permiten al usuario la navegaci\u00f3n a trav\u00e9s de una p\u00e1gina web, plataforma o aplicaci\u00f3n y la utilizaci\u00f3n de las diferentes opciones o servicios que en ella existan como, por ejemplo, controlar el tr\u00e1fico y la comunicaci\u00f3n de datos, identificar la sesi\u00f3n, acceder a partes de acceso restringido, recordar los elementos que integran un pedido, realizar el proceso de compra de un pedido, realizar la solicitud de inscripci\u00f3n o participaci\u00f3n en un evento, utilizar elementos de seguridad durante la navegaci\u00f3n, almacenar contenidos para la difusi\u00f3n de videos o sonido o compartir contenidos a trav\u00e9s de redes sociales.<\/li>\n<li><strong>Cookies de Personalizaci\u00f3n:<\/strong> Son aqu\u00e9llas que permiten al usuario acceder al servicio con algunas caracter\u00edsticas de car\u00e1cter general predefinidas en funci\u00f3n de una serie de criterios en el terminal del usuario como por ejemplo serian el idioma, el tipo de navegador a trav\u00e9s del cual accede al servicio, la configuraci\u00f3n regional desde donde accede al servicio, etc.<\/li>\n<li><strong>Cookies de An\u00e1lisis:<\/strong> Son aqu\u00e9llas que bien tratadas por https:\/\/persianas-valladolid.com\u00a0o por terceros, me permiten cuantificar el n\u00famero de usuarios y as\u00ed realizar la medici\u00f3n y an\u00e1lisis estad\u00edstico de la utilizaci\u00f3n que hacen los usuarios del servicio ofertado. Para ello se analiza su navegaci\u00f3n en mi p\u00e1gina web con el fin de mejorar la oferta de productos o servicios que le ofrecemos.<\/li>\n<li><strong>Cookies Publicitarias:<\/strong> Son aqu\u00e9llas que, bien tratadas por https:\/\/persianas-valladolid.com\u00a0o por terceros, me permiten gestionar de la forma m\u00e1s eficaz posible la oferta de los espacios publicitarios que hay en esta p\u00e1gina web, adecuando el contenido del anuncio al contenido del servicio solicitado o al uso que realice de mi p\u00e1gina web. Para ello, puedo analizar tus h\u00e1bitos de navegaci\u00f3n en Internet y puedo mostrarte publicidad relacionada con tu perfil de navegaci\u00f3n.<\/li>\n<li><strong>Cookies de Remarketing:<\/strong> Son tambi\u00e9n cookies de seguimiento de h\u00e1bitos de navegaci\u00f3n para orientar la publicidad en funci\u00f3n a tus intereses y ofrecerte publicidad diferencial. Estas cookies se asocian al usuario an\u00f3nimo y a su ordenador, y no proporcionan de por s\u00ed el nombre y apellidos del usuario.<\/li>\n<li><strong>Cookies de Afiliados:<\/strong> En esta web se realizan colaboraciones puntuales con partners que promueven este sitio y algunos lanzamientos concretos, como webinars. Estas cookies son necesarias para permitirnos recompensamos a estos colaboradores y estas cookies son generalmente creadas por empresas especializadas (conocidas como redes de afiliados). Ni el titular de esta web, ni los colaboradores pueden identificarte personalmente.<\/li>\n<li><strong>Cookies de Redes Sociales:<\/strong> Las Cookies de redes sociales pueden almacenarse en tu navegador mientras navegas por\u00a0https:\/\/persianas-valladolid.com.<\/li>\n<\/ul>\n<p>Las empresas que generan estas cookies correspondientes a las redes sociales que utiliza esta web tienen sus propias pol\u00edticas de cookies:<\/p>\n<ul>\n<li>Cookie de Facebook, seg\u00fan lo dispuesto en su Pol\u00edtica de Cookies.<\/li>\n<li>Cookie de Instagram, seg\u00fan lo dispuesto en su Pol\u00edtica de Cookies.<\/li>\n<li>Cookie de Vimeo, seg\u00fan lo dispuesto en su Pol\u00edtica de privacidad y uso de cookies.<\/li>\n<\/ul>\n<p>Las implicaciones de privacidad estar\u00e1n en funci\u00f3n a cada red social y depender\u00e1n de la configuraci\u00f3n de privacidad que ha elegido en estas redes. En ning\u00fan caso, ni el responsable de esta web ni los anunciantes pueden obtener informaci\u00f3n personal identificable de estas cookies.<\/p>\n<h1>C\u00f3mo gestionar y desactivar estas cookies<\/h1>\n<p>Si no deseas que los sitios web pongan ninguna cookie en tu equipo, puedes adaptar la configuraci\u00f3n del navegador de modo que se te notifique antes de que se descargue ninguna cookie. De igual modo, puedes adaptar la configuraci\u00f3n de forma que el navegador rechace todas las cookies, o \u00fanicamente las cookies de terceros. Tambi\u00e9n puedes eliminar cualquiera de las cookies que ya se encuentren en tu equipo. Ten en cuenta que tendr\u00e1s que adaptar por separado la configuraci\u00f3n de cada navegador y equipo que utilices.<\/p>\n","protected":false},"excerpt":{"rendered":"<p>Dentro del reglamento LSSI-CE (Ley de la sociedad de la informaci\u00f3n y del comercio electr\u00f3nico), hay un apartado dedicado a las cookies que exige a quienes tenemos una web que descargue en tu navegador cookies de terceros, tenemos la obligaci\u00f3n de informar al usuario sobre el tipo de cookies, la duraci\u00f3n y la finalidad de [&hellip;]<\/p>\n","protected":false},"author":1,"featured_media":0,"parent":0,"menu_order":0,"comment_status":"closed","ping_status":"closed","template":"","meta":{"footnotes":""},"class_list":["post-456","page","type-page","status-publish","hentry"],"_links":{"self":[{"href":"https:\/\/persianas-valladolid.com\/index.php?rest_route=\/wp\/v2\/pages\/456","targetHints":{"allow":["GET"]}}],"collection":[{"href":"https:\/\/persianas-valladolid.com\/index.php?rest_route=\/wp\/v2\/pages"}],"about":[{"href":"https:\/\/persianas-valladolid.com\/index.php?rest_route=\/wp\/v2\/types\/page"}],"author":[{"embeddable":true,"href":"https:\/\/persianas-valladolid.com\/index.php?rest_route=\/wp\/v2\/users\/1"}],"replies":[{"embeddable":true,"href":"https:\/\/persianas-valladolid.com\/index.php?rest_route=%2Fwp%2Fv2%2Fcomments&post=456"}],"version-history":[{"count":5,"href":"https:\/\/persianas-valladolid.com\/index.php?rest_route=\/wp\/v2\/pages\/456\/revisions"}],"predecessor-version":[{"id":464,"href":"https:\/\/persianas-valladolid.com\/index.php?rest_route=\/wp\/v2\/pages\/456\/revisions\/464"}],"wp:attachment":[{"href":"https:\/\/persianas-valladolid.com\/index.php?rest_route=%2Fwp%2Fv2%2Fmedia&parent=456"}],"curies":[{"name":"wp","href":"https:\/\/api.w.org\/{rel}","templated":true}]}}