{"id":457,"date":"2025-11-12T10:02:14","date_gmt":"2025-11-12T10:02:14","guid":{"rendered":"https:\/\/persianas-valladolid.com\/?page_id=457"},"modified":"2025-11-12T10:10:44","modified_gmt":"2025-11-12T10:10:44","slug":"aviso-legal","status":"publish","type":"page","link":"https:\/\/persianas-valladolid.com\/?page_id=457","title":{"rendered":"Aviso Legal"},"content":{"rendered":"<p>Los datos de la responsable de la presente web son:<\/p>\n<p><strong>Identidad:<\/strong> Pedro Antonio Garc\u00eda L\u00f3pez<\/p>\n<p><strong>Correo electr\u00f3nico:<\/strong> persianasvalladolid@hotmail.com<\/p>\n<p><strong>Nombre comercial:<\/strong> Persianas Valladolid<\/p>\n<p><strong>Direcci\u00f3n:<\/strong> C. Esparragal, 14, 47155 Santovenia de Pisuerga, Valladolid<\/p>\n<p>En este espacio, podr\u00e1s encontrar toda la informaci\u00f3n relativa a los t\u00e9rminos y condiciones legales que definen las relaciones entre t\u00fa, como usuario y yo como responsable de esta web. Como usuario, es importante que conozcas estos t\u00e9rminos antes de continuar tu navegaci\u00f3n.\u00a0Pedro Antonio como responsable de esta web, asumo el compromiso de procesar la informaci\u00f3n de mis usuarios y clientes con plenas garant\u00edas y cumplir con los requisitos nacionales y europeos que regulan la recopilaci\u00f3n y uso de los datos personales de mis usuarios. Esta web, por tanto, cumple rigurosamente con La Ley Org\u00e1nica 15\/1999, de 13 de diciembre, de Protecci\u00f3n de Datos de Car\u00e1cter Personal (LOPD), y con el Real Decreto 1720\/2007, de 21 de diciembre, conocido como el Reglamento de desarrollo de la LOPD. Cumple tambi\u00e9n con el Reglamento (UE) 2016\/679 del Parlamento Europeo y del Consejo de 27 de abril de 2016 relativo a la protecci\u00f3n de las personas f\u00edsicas (RGPD), as\u00ed como con la Ley 34\/2002, de 11 de julio, de Servicios de la Sociedad de la Informaci\u00f3n y Comercio Electr\u00f3nico (LSSICE \u00f3 LSSI).<\/p>\n<h1>Condiciones generales de uso<\/h1>\n<p>Las presentes Condiciones Generales regulan el uso (incluyendo el mero acceso) de las p\u00e1ginas de web, integrantes del sitio web de\u00a0<strong>https:\/\/persianas-valladolid.com<\/strong> incluidos los contenidos y servicios puestos a disposici\u00f3n en ellas. Toda persona que acceda a la web acepta someterse a las Condiciones Generales vigentes en cada momento de la web\u00a0<strong>https:\/\/persianas-valladolid.com<\/strong>.<\/p>\n<h1>Datos personales que recabo y c\u00f3mo lo hago<\/h1>\n<p>Leer\u00a0<a href=\"https:\/\/persianas-valladolid.com\/?page_id=68\"><strong>Pol\u00edtica de Privacidad<\/strong><\/a>.<\/p>\n<h1>Compromisos y obligaciones de los usuarios<\/h1>\n<p>El usuario queda informado, y acepta, que el acceso a la presente web no supone, en modo alguno, el inicio de una relaci\u00f3n comercial con Persianas Valladolid S.L. De esta forma, el usuario se compromete a utilizar el sitio web, sus servicios y contenidos sin contravenir la legislaci\u00f3n vigente, la buena fe y el orden p\u00fablico. Quedando prohibido el uso de la web, con fines il\u00edcitos o lesivos, o que, de cualquier forma, puedan causar perjuicio o impedir el normal funcionamiento del sitio web. Respecto de los contenidos de esta web, se proh\u00edbe:<\/p>\n<ul>\n<li>Su reproducci\u00f3n, distribuci\u00f3n o modificaci\u00f3n, total o parcial, a menos que se cuente con mi autorizaci\u00f3n como leg\u00edtimo titular;<\/li>\n<li>Cualquier vulneraci\u00f3n de los derechos del prestador o de mi como leg\u00edtimo titular;<\/li>\n<li>Su utilizaci\u00f3n para fines comerciales o publicitarios.<\/li>\n<li>En la utilizaci\u00f3n de la web, el usuario se compromete a no llevar a cabo ninguna conducta que pudiera da\u00f1ar la imagen, los intereses y los derechos de Persianas Valladolid S.L. o de terceros o que pudiera da\u00f1ar, inutilizar o sobrecargar el portal <strong>https:\/\/persianas-valladolid.com<\/strong> o que impidiera, de cualquier forma, la normal utilizaci\u00f3n de la web. No obstante, el usuario debe ser consciente de que las medidas de seguridad de los sistemas inform\u00e1ticos en Internet no son enteramente fiables y que, por tanto Persianas Valladolid S.L.\u00a0no puede garantizar la inexistencia de malware u otros elementos que puedan producir alteraciones en los sistemas inform\u00e1ticos (software y hardware) del usuario o en sus documentos electr\u00f3nicos y ficheros contenidos en los mismos aunque pongo todos los medios necesarios y las medidas de seguridad oportunas para evitar la presencia de estos elementos da\u00f1inos.<\/li>\n<\/ul>\n<h1>Medidas de seguridad<\/h1>\n<p>Los datos personales comunicados por el usuario a Persianas Valladolid S.L. pueden ser almacenados en bases de datos automatizadas o no, cuya titularidad corresponde en exclusiva a Persianas Valladolid S.L.\u00a0asumiendo \u00e9sta todas las medidas de \u00edndole t\u00e9cnica, organizativa y de seguridad que garantizan la confidencialidad, integridad y calidad de la informaci\u00f3n contenida en las mismas de acuerdo con lo establecido en la normativa vigente en protecci\u00f3n de datos. La comunicaci\u00f3n entre los usuarios y Persianas Valladolid S.L.\u00a0utiliza un canal seguro, y los datos transmitidos son cifrados gracias a protocolos a https, por tanto, garantizo las mejores condiciones de seguridad para que la confidencialidad de los usuarios est\u00e9 garantizada.<\/p>\n<h1>Plataforma de resoluci\u00f3n de conflictos<\/h1>\n<p>Pongo tambi\u00e9n a disposici\u00f3n de los usuarios la plataforma de resoluci\u00f3n de litigios que facilita la Comisi\u00f3n Europea y que se encuentra disponible en el siguiente enlace: https:\/\/ec.europa.eu\/consumers\/odr\/<\/p>\n<h1>Derechos de Propiedad Intelectual e Industrial<\/h1>\n<p>En virtud de lo dispuesto en los art\u00edculos 8 y 32.1, p\u00e1rrafo segundo, de la Ley de Propiedad Intelectual, quedan expresamente prohibidas la reproducci\u00f3n, la distribuci\u00f3n y la comunicaci\u00f3n p\u00fablica, incluida su modalidad de puesta a disposici\u00f3n, de la totalidad o parte de los contenidos de esta p\u00e1gina web, con fines comerciales, en cualquier soporte y por cualquier medio t\u00e9cnico, sin la autorizaci\u00f3n de Persianas Valladolid S.L. El usuario se compromete a respetar los derechos de Propiedad Intelectual e Industrial titularidad de Persianas Valladolid S.L. El usuario conoce y acepta que la totalidad del sitio web, conteniendo sin car\u00e1cter exhaustivo el texto, software, contenidos (incluyendo estructura, selecci\u00f3n, ordenaci\u00f3n y presentaci\u00f3n de los mismos) podcast, fotograf\u00edas, material audiovisual y gr\u00e1ficos, est\u00e1 protegida por marcas, derechos de autor y otros derechos leg\u00edtimos, de acuerdo con los tratados internacionales en los que Espa\u00f1a es parte y otros derechos de propiedad y leyes de Espa\u00f1a. En el caso de que un usuario o un tercero consideren que se ha producido una violaci\u00f3n de sus leg\u00edtimos derechos de propiedad intelectual por la introducci\u00f3n de un determinado contenido en la web, deber\u00e1 notificar dicha circunstancia a Persianas Valladolid S.L.:<\/p>\n<ul>\n<li>Datos personales del interesado titular de los derechos presuntamente infringidos, o indicar la representaci\u00f3n con la que act\u00faa en caso de que la reclamaci\u00f3n la presente un tercero distinto del interesado.<\/li>\n<li>Se\u00f1alar los contenidos protegidos por los derechos de propiedad intelectual y su ubicaci\u00f3n en la web, la acreditaci\u00f3n de los derechos de propiedad intelectual se\u00f1alados y declaraci\u00f3n expresa en la que el interesado se responsabiliza de la veracidad de las informaciones facilitadas en la notificaci\u00f3n.<\/li>\n<\/ul>\n<h1>Exclusi\u00f3n de garant\u00edas y responsable<\/h1>\n<p>Persianas Valladolid S.L. no otorga ninguna garant\u00eda ni se hace responsable, en ning\u00fan caso, de los da\u00f1os y perjuicios de cualquier naturaleza que pudieran traer causa de:<\/p>\n<ul>\n<li>La falta de disponibilidad, mantenimiento y efectivo funcionamiento de la web, o de sus servicios y contenidos.<\/li>\n<li>La existencia de malware, programas maliciosos o lesivos en los contenidos;<\/li>\n<li>El uso il\u00edcito, negligente, fraudulento o contrario a este Aviso Legal;<\/li>\n<li>La falta de licitud, calidad, fiabilidad, utilidad y disponibilidad de los servicios prestados por terceros y puestos a disposici\u00f3n de los usuarios en el sitio web.<\/li>\n<\/ul>\n<p>El prestador no se hace responsable bajo ning\u00fan concepto de los da\u00f1os que pudieran dimanar del uso ilegal o indebido de la presente p\u00e1gina web.<\/p>\n<h1>Ley aplicable y jurisdicci\u00f3n<\/h1>\n<p>Con car\u00e1cter general las relaciones entre Persianas Valladolid S.L.\u00a0con los usuarios de sus servicios telem\u00e1ticos, presentes en esta web se encuentran sometidas a la legislaci\u00f3n y jurisdicci\u00f3n espa\u00f1olas y a los tribunales de Valladolid.<\/p>\n<h1>Contacto<\/h1>\n<p>En caso de que cualquier usuario tuviese alguna duda acerca de estas Condiciones legales o cualquier comentario sobre la web, por favor dir\u00edjase al correo <strong>persianasvalladolid@hotmail.com<\/strong>.<\/p>\n<p>El aviso legal ha sido actualizado por \u00faltima vez el 12 de noviembre de 2025.<\/p>\n","protected":false},"excerpt":{"rendered":"<p>Los datos de la responsable de la presente web son: Identidad: Pedro Antonio Garc\u00eda L\u00f3pez Correo electr\u00f3nico: persianasvalladolid@hotmail.com Nombre comercial: Persianas Valladolid Direcci\u00f3n: C. Esparragal, 14, 47155 Santovenia de Pisuerga, Valladolid En este espacio, podr\u00e1s encontrar toda la informaci\u00f3n relativa a los t\u00e9rminos y condiciones legales que definen las relaciones entre t\u00fa, como usuario y [&hellip;]<\/p>\n","protected":false},"author":1,"featured_media":0,"parent":0,"menu_order":0,"comment_status":"closed","ping_status":"closed","template":"","meta":{"footnotes":""},"class_list":["post-457","page","type-page","status-publish","hentry"],"_links":{"self":[{"href":"https:\/\/persianas-valladolid.com\/index.php?rest_route=\/wp\/v2\/pages\/457","targetHints":{"allow":["GET"]}}],"collection":[{"href":"https:\/\/persianas-valladolid.com\/index.php?rest_route=\/wp\/v2\/pages"}],"about":[{"href":"https:\/\/persianas-valladolid.com\/index.php?rest_route=\/wp\/v2\/types\/page"}],"author":[{"embeddable":true,"href":"https:\/\/persianas-valladolid.com\/index.php?rest_route=\/wp\/v2\/users\/1"}],"replies":[{"embeddable":true,"href":"https:\/\/persianas-valladolid.com\/index.php?rest_route=%2Fwp%2Fv2%2Fcomments&post=457"}],"version-history":[{"count":3,"href":"https:\/\/persianas-valladolid.com\/index.php?rest_route=\/wp\/v2\/pages\/457\/revisions"}],"predecessor-version":[{"id":474,"href":"https:\/\/persianas-valladolid.com\/index.php?rest_route=\/wp\/v2\/pages\/457\/revisions\/474"}],"wp:attachment":[{"href":"https:\/\/persianas-valladolid.com\/index.php?rest_route=%2Fwp%2Fv2%2Fmedia&parent=457"}],"curies":[{"name":"wp","href":"https:\/\/api.w.org\/{rel}","templated":true}]}}