{"id":68,"date":"2018-09-27T09:55:20","date_gmt":"2018-09-27T09:55:20","guid":{"rendered":"https:\/\/persianas-valladolid.com\/?page_id=68"},"modified":"2025-11-12T09:52:55","modified_gmt":"2025-11-12T09:52:55","slug":"politica-privacidad-2","status":"publish","type":"page","link":"https:\/\/persianas-valladolid.com\/?page_id=68","title":{"rendered":"Pol\u00edtica de privacidad"},"content":{"rendered":"<p><strong>Persianas Valladolid S.L.,<\/strong>\u00a0responsable de la web <strong>https:\/\/persianas-valladolid.com\/<\/strong> ha adecuado esta web a las exigencias de la Ley Org\u00e1nica 15\/1999, de 13 de diciembre, de Protecci\u00f3n de Datos de Car\u00e1cter Personal (LOPD), y al Real Decreto 1720\/2007, de 21 de diciembre, conocido como el Reglamento de desarrollo de la LOPD. Cumple tambi\u00e9n con el Reglamento (UE) 2016\/679 del Parlamento Europeo y del Consejo de 27 de abril de 2016 relativo a la protecci\u00f3n de las personas f\u00edsicas (RGPD), as\u00ed como con la Ley 34\/2002, de 11 de julio, de Servicios de la Sociedad de la Informaci\u00f3n y Comercio Electr\u00f3nico (LSSICE o LSSI).<\/p>\n<p>Responsable del tratamiento de tus datos personales:<\/p>\n<ul>\n<li>Identidad del Responsable: Pedro Antonio Garc\u00eda L\u00f3pez<\/li>\n<li>Nombre comercial: Persianas Valladolid<\/li>\n<li>Direcci\u00f3n: C. Esparragal, 14, 47155 Santovenia de Pisuerga, Valladolid<\/li>\n<li>Correo electr\u00f3nico:\u00a0persianasvalladolid@hotmail.com<\/li>\n<\/ul>\n<p>La presente Pol\u00edtica de Privacidad ser\u00e1 v\u00e1lida \u00fanicamente para los datos de car\u00e1cter personal obtenidos en el Sitio Web, no siendo aplicable para aquella informaci\u00f3n recabada por terceros en otras p\u00e1ginas web, incluso si \u00e9stas se encuentran enlazadas por el Sitio Web.<\/p>\n<p>Con ello manifiesto mi compromiso por mantener y garantizar las relaciones comerciales de forma segura mediante la protecci\u00f3n de los datos personales y garantizando el derecho a la privacidad de cada uno de los usuarios de nuestro sitio web.<\/p>\n<p>A efectos de lo previsto en el Reglamento General de Protecci\u00f3n de Datos antes citado, mediante la aceptaci\u00f3n de la presente Pol\u00edtica de Privacidad prestas tu consentimiento informado, expreso, libre e inequ\u00edvoco para que los datos personales que proporciones a trav\u00e9s de la p\u00e1gina web\u00a0<strong>https:\/\/persianas-valladolid.com <\/strong>sean incluidos en un fichero de \u201cClientes y\/o Proveedores\u201d.<\/p>\n<h1>\u00bfQu\u00e9 son los datos personales?<\/h1>\n<p>Debes saber que los datos personales ser\u00eda cualquier informaci\u00f3n facilitada relativa a una persona cuando visita este sitio web, en este caso las cookies.<\/p>\n<p>Adicionalmente, cuando visitas este sitio web, recopilamos los datos que se muestran en el formulario de comentarios, as\u00ed como la direcci\u00f3n IP del visitante y la cadena de agentes de usuario del navegador para ayudar a la detecci\u00f3n de spam.<\/p>\n<h1>Principios que aplicar\u00e9 a tu informaci\u00f3n personal<\/h1>\n<p>En el tratamiento de tus datos personales, aplicar\u00e9 los siguientes principios que se ajustan a las exigencias del nuevo reglamento europeo de protecci\u00f3n de datos:<\/p>\n<p>\u2013 Principio de licitud, lealtad y transparencia: Siempre voy a requerir tu consentimiento para el tratamiento de tus datos personales para uno o varios fines espec\u00edficos que te informar\u00e9 previamente con absoluta transparencia.<\/p>\n<p>\u2013 Principio de minimizaci\u00f3n de datos: Solo voy a solicitar datos estrictamente necesarios en relaci\u00f3n con los fines para los que los requiero. Los m\u00ednimos posibles.<\/p>\n<p>\u2013 Principio de limitaci\u00f3n del plazo de conservaci\u00f3n: los datos ser\u00e1n mantenidos durante no m\u00e1s tiempo del necesario para los fines del tratamiento, en funci\u00f3n a la finalidad, te informar\u00e9 del plazo de conservaci\u00f3n correspondiente.<\/p>\n<p>\u2013 Principio de integridad y confidencialidad: Tus datos ser\u00e1n tratados de tal manera que se garantice una seguridad adecuada de los datos personales y se garantice confidencialidad. Debes saber que tomo todas las precauciones necesarias para evitar el acceso no autorizado o uso indebido de los datos de mis usuarios por parte de terceros.<\/p>\n<h1>Obtenci\u00f3n de Datos personales<\/h1>\n<p>Los datos personales que trato en <strong>https:\/\/persianas-valladolid.com<\/strong>, proceden de:<\/p>\n<ul>\n<li>La aceptaci\u00f3n del uso de cookies<\/li>\n<\/ul>\n<p>Cualquier persona tiene derecho a obtener confirmaci\u00f3n sobre si en\u00a0 <strong>https:\/\/persianas-valladolid.com<\/strong><a href=\"https:\/\/www.crischamorro.es\/\">,<\/a>\u00a0estoy tratando datos personales que me concierne, o no.<\/p>\n<p>En determinadas circunstancias y por motivos relacionados con su situaci\u00f3n particular, los interesados podr\u00e1n oponerse al tratamiento de sus datos. <strong>https:\/\/persianas-valladolid.com<\/strong> dejar\u00e1 de tratar los datos, salvo por motivos leg\u00edtimos imperiosos, o el ejercicio o la defensa de posibles reclamaciones. Por el tipo de informaci\u00f3n que recaba esta web, no se puede ejercitar el derecho a portabilidad de los datos.<\/p>\n<h1>Finalidad del tratamiento de tus Datos personales<\/h1>\n<p>Cuando un usuario se conecta con esta web aceptando las cookies est\u00e1 facilitando informaci\u00f3n de car\u00e1cter personal de la que es responsable <strong>Persianas Valladolid<\/strong>. Esa informaci\u00f3n puede incluir datos de car\u00e1cter personal como pueden ser tu direcci\u00f3n IP, las preferencias del sitio, datos del dispositivo y otra informaci\u00f3n.<\/p>\n<p>Al facilitar esta informaci\u00f3n, el usuario da su consentimiento para que su informaci\u00f3n sea recopilada, utilizada, gestionada y almacenada por <strong>Persianas Valladolid <\/strong>solo como se describe en el Aviso Legal y en la presente Pol\u00edtica de Privacidad.<\/p>\n<h1>Tiempo de conservaci\u00f3n de los datos<\/h1>\n<p>Conservar\u00e9 tus datos durante el tiempo legalmente establecido o hasta que solicites eliminarlos.<\/p>\n","protected":false},"excerpt":{"rendered":"<p>Persianas Valladolid S.L.,\u00a0responsable de la web https:\/\/persianas-valladolid.com\/ ha adecuado esta web a las exigencias de la Ley Org\u00e1nica 15\/1999, de 13 de diciembre, de Protecci\u00f3n de Datos de Car\u00e1cter Personal (LOPD), y al Real Decreto 1720\/2007, de 21 de diciembre, conocido como el Reglamento de desarrollo de la LOPD. Cumple tambi\u00e9n con el Reglamento (UE) [&hellip;]<\/p>\n","protected":false},"author":1,"featured_media":0,"parent":0,"menu_order":0,"comment_status":"closed","ping_status":"closed","template":"","meta":{"footnotes":""},"class_list":["post-68","page","type-page","status-publish","hentry"],"_links":{"self":[{"href":"https:\/\/persianas-valladolid.com\/index.php?rest_route=\/wp\/v2\/pages\/68","targetHints":{"allow":["GET"]}}],"collection":[{"href":"https:\/\/persianas-valladolid.com\/index.php?rest_route=\/wp\/v2\/pages"}],"about":[{"href":"https:\/\/persianas-valladolid.com\/index.php?rest_route=\/wp\/v2\/types\/page"}],"author":[{"embeddable":true,"href":"https:\/\/persianas-valladolid.com\/index.php?rest_route=\/wp\/v2\/users\/1"}],"replies":[{"embeddable":true,"href":"https:\/\/persianas-valladolid.com\/index.php?rest_route=%2Fwp%2Fv2%2Fcomments&post=68"}],"version-history":[{"count":3,"href":"https:\/\/persianas-valladolid.com\/index.php?rest_route=\/wp\/v2\/pages\/68\/revisions"}],"predecessor-version":[{"id":470,"href":"https:\/\/persianas-valladolid.com\/index.php?rest_route=\/wp\/v2\/pages\/68\/revisions\/470"}],"wp:attachment":[{"href":"https:\/\/persianas-valladolid.com\/index.php?rest_route=%2Fwp%2Fv2%2Fmedia&parent=68"}],"curies":[{"name":"wp","href":"https:\/\/api.w.org\/{rel}","templated":true}]}}